{"id":4678,"date":"2020-12-25T09:52:54","date_gmt":"2020-12-25T09:52:54","guid":{"rendered":"https:\/\/ramooevents.com\/gallery\/"},"modified":"2024-01-22T13:17:29","modified_gmt":"2024-01-22T13:17:29","slug":"galeri","status":"publish","type":"page","link":"https:\/\/ramooevents.com\/tr\/galeri\/","title":{"rendered":"Galeri"},"content":{"rendered":"\t\t<div data-elementor-type=\"wp-page\" data-elementor-id=\"4678\" class=\"elementor elementor-4678\">\n\t\t\t\t\t\t<section class=\"elementor-section elementor-top-section elementor-element elementor-element-212a762 elementor-section-boxed elementor-section-height-default elementor-section-height-default\" data-id=\"212a762\" data-element_type=\"section\" data-settings=\"{&quot;grandrestaurant_ext_is_background_parallax&quot;:&quot;false&quot;,&quot;grandrestaurant_ext_is_background_backdrop&quot;:&quot;false&quot;,&quot;grandrestaurant_ext_is_background_on_scroll&quot;:&quot;false&quot;}\">\n\t\t\t\t\t\t<div class=\"elementor-container elementor-column-gap-default\">\n\t\t\t\t\t<div class=\"elementor-column elementor-col-100 elementor-top-column elementor-element elementor-element-3216cac\" data-id=\"3216cac\" data-element_type=\"column\" data-settings=\"{&quot;grandrestaurant_ext_link_reservation&quot;:&quot;false&quot;,&quot;grandrestaurant_ext_link_sidemenu&quot;:&quot;false&quot;,&quot;grandrestaurant_ext_link_fullmenu&quot;:&quot;false&quot;,&quot;grandrestaurant_ext_link_closed_fullmenu&quot;:&quot;false&quot;,&quot;grandrestaurant_ext_is_scrollme&quot;:&quot;false&quot;,&quot;grandrestaurant_ext_is_smoove&quot;:&quot;false&quot;,&quot;grandrestaurant_ext_is_parallax_mouse&quot;:&quot;false&quot;,&quot;grandrestaurant_ext_is_infinite&quot;:&quot;false&quot;,&quot;grandrestaurant_ext_is_fadeout_animation&quot;:&quot;false&quot;,&quot;grandrestaurant_ext_mobile_static&quot;:&quot;false&quot;}\">\n\t\t\t<div class=\"elementor-widget-wrap elementor-element-populated\">\n\t\t\t\t\t\t<div class=\"elementor-element elementor-element-0ab13d3 elementor-widget elementor-widget-grandrestaurant-gallery-justified\" data-id=\"0ab13d3\" data-element_type=\"widget\" data-settings=\"{&quot;grandrestaurant_ext_link_reservation&quot;:&quot;false&quot;,&quot;grandrestaurant_ext_link_sidemenu&quot;:&quot;false&quot;,&quot;grandrestaurant_ext_link_fullmenu&quot;:&quot;false&quot;,&quot;grandrestaurant_ext_link_closed_fullmenu&quot;:&quot;false&quot;,&quot;grandrestaurant_ext_is_scrollme&quot;:&quot;false&quot;,&quot;grandrestaurant_ext_is_smoove&quot;:&quot;false&quot;,&quot;grandrestaurant_ext_is_parallax_mouse&quot;:&quot;false&quot;,&quot;grandrestaurant_ext_is_infinite&quot;:&quot;false&quot;,&quot;grandrestaurant_ext_is_fadeout_animation&quot;:&quot;false&quot;,&quot;grandrestaurant_ext_mobile_static&quot;:&quot;false&quot;}\" data-widget_type=\"grandrestaurant-gallery-justified.default\">\n\t\t\t\t<div class=\"elementor-widget-container\">\n\t\t\t\t\t<div class=\"grandrestaurant-gallery-grid-content-wrapper do-justified justified-gallery\" data-row_height=\"260\" data-margin=\"5\" data-justify_last_row=\"yes\">\n\t\t<div class=\"entry gallery-grid-item smoove slide-up\" data-delay=\"150\" data-minwidth=\"769\" data-move-y=\"60px\">\n\t\t\t\t\t\t\t<a class=\"grandrestaurant_gallery_lightbox\" href=\"https:\/\/ramooevents.com\/wp-content\/uploads\/2023\/11\/ramooevents-fingerfood-3.jpg\" data-thumb=\"https:\/\/ramooevents.com\/wp-content\/uploads\/2023\/11\/ramooevents-fingerfood-3-150x150.jpg\" data-rel=\"tg_gallery0ab13d3\"  >\n\t\t\t\t\t\t\t<img decoding=\"async\" src=\"https:\/\/ramooevents.com\/wp-content\/uploads\/2023\/11\/ramooevents-fingerfood-3-768x512.jpg\" class=\"\" alt=\"\" \/>\n\t\t\t\t\t\t\t<\/a>\n\t\t\t\t\t<\/div>\n\t\t<div class=\"entry gallery-grid-item smoove slide-up\" data-delay=\"300\" data-minwidth=\"769\" data-move-y=\"60px\">\n\t\t\t\t\t\t\t<a class=\"grandrestaurant_gallery_lightbox\" href=\"https:\/\/ramooevents.com\/wp-content\/uploads\/2024\/01\/ramooevents-gallery-33-scaled.jpg\" data-thumb=\"https:\/\/ramooevents.com\/wp-content\/uploads\/2024\/01\/ramooevents-gallery-33-150x150.jpg\" data-rel=\"tg_gallery0ab13d3\"  >\n\t\t\t\t\t\t\t<img decoding=\"async\" src=\"https:\/\/ramooevents.com\/wp-content\/uploads\/2024\/01\/ramooevents-gallery-33-768x1365.jpg\" class=\"\" alt=\"\" \/>\n\t\t\t\t\t\t\t<\/a>\n\t\t\t\t\t<\/div>\n\t\t<div class=\"entry gallery-grid-item smoove slide-up\" data-delay=\"450\" data-minwidth=\"769\" data-move-y=\"60px\">\n\t\t\t\t\t\t\t<a class=\"grandrestaurant_gallery_lightbox\" href=\"https:\/\/ramooevents.com\/wp-content\/uploads\/2024\/01\/ramooevents-gallery-32-scaled.jpg\" data-thumb=\"https:\/\/ramooevents.com\/wp-content\/uploads\/2024\/01\/ramooevents-gallery-32-150x150.jpg\" data-rel=\"tg_gallery0ab13d3\"  >\n\t\t\t\t\t\t\t<img decoding=\"async\" src=\"https:\/\/ramooevents.com\/wp-content\/uploads\/2024\/01\/ramooevents-gallery-32-768x1365.jpg\" class=\"\" alt=\"\" \/>\n\t\t\t\t\t\t\t<\/a>\n\t\t\t\t\t<\/div>\n\t\t<div class=\"entry gallery-grid-item smoove slide-up\" data-delay=\"600\" data-minwidth=\"769\" data-move-y=\"60px\">\n\t\t\t\t\t\t\t<a class=\"grandrestaurant_gallery_lightbox\" href=\"https:\/\/ramooevents.com\/wp-content\/uploads\/2024\/01\/ramooevents-gallery-31-scaled.jpg\" data-thumb=\"https:\/\/ramooevents.com\/wp-content\/uploads\/2024\/01\/ramooevents-gallery-31-150x150.jpg\" data-rel=\"tg_gallery0ab13d3\"  >\n\t\t\t\t\t\t\t<img decoding=\"async\" src=\"https:\/\/ramooevents.com\/wp-content\/uploads\/2024\/01\/ramooevents-gallery-31-768x1024.jpg\" class=\"\" alt=\"\" \/>\n\t\t\t\t\t\t\t<\/a>\n\t\t\t\t\t<\/div>\n\t\t<div class=\"entry gallery-grid-item smoove slide-up\" data-delay=\"750\" data-minwidth=\"769\" data-move-y=\"60px\">\n\t\t\t\t\t\t\t<a class=\"grandrestaurant_gallery_lightbox\" href=\"https:\/\/ramooevents.com\/wp-content\/uploads\/2024\/01\/ramooevents-gallery-30-scaled.jpg\" data-thumb=\"https:\/\/ramooevents.com\/wp-content\/uploads\/2024\/01\/ramooevents-gallery-30-150x150.jpg\" data-rel=\"tg_gallery0ab13d3\"  >\n\t\t\t\t\t\t\t<img decoding=\"async\" src=\"https:\/\/ramooevents.com\/wp-content\/uploads\/2024\/01\/ramooevents-gallery-30-768x507.jpg\" class=\"\" alt=\"Etkinliklerinizi daha zengin ve renkli ya\u015fayabilirsiniz, ramooevents\" \/>\n\t\t\t\t\t\t\t<\/a>\n\t\t\t\t\t<\/div>\n\t\t<div class=\"entry gallery-grid-item smoove slide-up\" data-delay=\"150\" data-minwidth=\"769\" data-move-y=\"60px\">\n\t\t\t\t\t\t\t<a class=\"grandrestaurant_gallery_lightbox\" href=\"https:\/\/ramooevents.com\/wp-content\/uploads\/2024\/01\/ramooevents-gallery-29-scaled.jpg\" data-thumb=\"https:\/\/ramooevents.com\/wp-content\/uploads\/2024\/01\/ramooevents-gallery-29-150x150.jpg\" data-rel=\"tg_gallery0ab13d3\"  >\n\t\t\t\t\t\t\t<img decoding=\"async\" src=\"https:\/\/ramooevents.com\/wp-content\/uploads\/2024\/01\/ramooevents-gallery-29-768x507.jpg\" class=\"\" alt=\"\" \/>\n\t\t\t\t\t\t\t<\/a>\n\t\t\t\t\t<\/div>\n\t\t<div class=\"entry gallery-grid-item smoove slide-up\" data-delay=\"300\" data-minwidth=\"769\" data-move-y=\"60px\">\n\t\t\t\t\t\t\t<a class=\"grandrestaurant_gallery_lightbox\" href=\"https:\/\/ramooevents.com\/wp-content\/uploads\/2024\/01\/ramooevents-gallery-28-scaled.jpg\" data-thumb=\"https:\/\/ramooevents.com\/wp-content\/uploads\/2024\/01\/ramooevents-gallery-28-150x150.jpg\" data-rel=\"tg_gallery0ab13d3\"  >\n\t\t\t\t\t\t\t<img decoding=\"async\" src=\"https:\/\/ramooevents.com\/wp-content\/uploads\/2024\/01\/ramooevents-gallery-28-768x1024.jpg\" class=\"\" alt=\"\" \/>\n\t\t\t\t\t\t\t<\/a>\n\t\t\t\t\t<\/div>\n\t\t<div class=\"entry gallery-grid-item smoove slide-up\" data-delay=\"450\" data-minwidth=\"769\" data-move-y=\"60px\">\n\t\t\t\t\t\t\t<a class=\"grandrestaurant_gallery_lightbox\" href=\"https:\/\/ramooevents.com\/wp-content\/uploads\/2024\/01\/ramooevents-gallery-27-scaled.jpg\" data-thumb=\"https:\/\/ramooevents.com\/wp-content\/uploads\/2024\/01\/ramooevents-gallery-27-150x150.jpg\" data-rel=\"tg_gallery0ab13d3\"  >\n\t\t\t\t\t\t\t<img decoding=\"async\" src=\"https:\/\/ramooevents.com\/wp-content\/uploads\/2024\/01\/ramooevents-gallery-27-768x1024.jpg\" class=\"\" alt=\"\" \/>\n\t\t\t\t\t\t\t<\/a>\n\t\t\t\t\t<\/div>\n\t\t<div class=\"entry gallery-grid-item smoove slide-up\" data-delay=\"600\" data-minwidth=\"769\" data-move-y=\"60px\">\n\t\t\t\t\t\t\t<a class=\"grandrestaurant_gallery_lightbox\" href=\"https:\/\/ramooevents.com\/wp-content\/uploads\/2024\/01\/ramooevents-gallery-25-scaled.jpg\" data-thumb=\"https:\/\/ramooevents.com\/wp-content\/uploads\/2024\/01\/ramooevents-gallery-25-150x150.jpg\" data-rel=\"tg_gallery0ab13d3\"  >\n\t\t\t\t\t\t\t<img decoding=\"async\" src=\"https:\/\/ramooevents.com\/wp-content\/uploads\/2024\/01\/ramooevents-gallery-25-768x1365.jpg\" class=\"\" alt=\"\" \/>\n\t\t\t\t\t\t\t<\/a>\n\t\t\t\t\t<\/div>\n\t\t<div class=\"entry gallery-grid-item smoove slide-up\" data-delay=\"750\" data-minwidth=\"769\" data-move-y=\"60px\">\n\t\t\t\t\t\t\t<a class=\"grandrestaurant_gallery_lightbox\" href=\"https:\/\/ramooevents.com\/wp-content\/uploads\/2024\/01\/ramooevents-gallery-24-scaled.jpg\" data-thumb=\"https:\/\/ramooevents.com\/wp-content\/uploads\/2024\/01\/ramooevents-gallery-24-150x150.jpg\" data-rel=\"tg_gallery0ab13d3\"  >\n\t\t\t\t\t\t\t<img decoding=\"async\" src=\"https:\/\/ramooevents.com\/wp-content\/uploads\/2024\/01\/ramooevents-gallery-24-768x1024.jpg\" class=\"\" alt=\"lezzetli mezeler, ramoo events\" \/>\n\t\t\t\t\t\t\t<\/a>\n\t\t\t\t\t<\/div>\n\t\t<div class=\"entry gallery-grid-item smoove slide-up\" data-delay=\"150\" data-minwidth=\"769\" data-move-y=\"60px\">\n\t\t\t\t\t\t\t<a class=\"grandrestaurant_gallery_lightbox\" href=\"https:\/\/ramooevents.com\/wp-content\/uploads\/2024\/01\/ramooevents-gallery-23-scaled.jpg\" data-thumb=\"https:\/\/ramooevents.com\/wp-content\/uploads\/2024\/01\/ramooevents-gallery-23-150x150.jpg\" data-rel=\"tg_gallery0ab13d3\"  >\n\t\t\t\t\t\t\t<img decoding=\"async\" src=\"https:\/\/ramooevents.com\/wp-content\/uploads\/2024\/01\/ramooevents-gallery-23-768x1024.jpg\" class=\"\" alt=\"antalya catering ramooevents\" \/>\n\t\t\t\t\t\t\t<\/a>\n\t\t\t\t\t<\/div>\n\t\t<div class=\"entry gallery-grid-item smoove slide-up\" data-delay=\"300\" data-minwidth=\"769\" data-move-y=\"60px\">\n\t\t\t\t\t\t\t<a class=\"grandrestaurant_gallery_lightbox\" href=\"https:\/\/ramooevents.com\/wp-content\/uploads\/2024\/01\/ramooevents-gallery-22-scaled.jpg\" data-thumb=\"https:\/\/ramooevents.com\/wp-content\/uploads\/2024\/01\/ramooevents-gallery-22-150x150.jpg\" data-rel=\"tg_gallery0ab13d3\"  >\n\t\t\t\t\t\t\t<img decoding=\"async\" src=\"https:\/\/ramooevents.com\/wp-content\/uploads\/2024\/01\/ramooevents-gallery-22-768x1024.jpg\" class=\"\" alt=\"\" \/>\n\t\t\t\t\t\t\t<\/a>\n\t\t\t\t\t<\/div>\n\t\t<div class=\"entry gallery-grid-item smoove slide-up\" data-delay=\"450\" data-minwidth=\"769\" data-move-y=\"60px\">\n\t\t\t\t\t\t\t<a class=\"grandrestaurant_gallery_lightbox\" href=\"https:\/\/ramooevents.com\/wp-content\/uploads\/2024\/01\/ramooevents-gallery-21-scaled.jpg\" data-thumb=\"https:\/\/ramooevents.com\/wp-content\/uploads\/2024\/01\/ramooevents-gallery-21-150x150.jpg\" data-rel=\"tg_gallery0ab13d3\"  >\n\t\t\t\t\t\t\t<img decoding=\"async\" src=\"https:\/\/ramooevents.com\/wp-content\/uploads\/2024\/01\/ramooevents-gallery-21-768x1024.jpg\" class=\"\" alt=\"ramooevents organizasyon, a\u00e7\u0131l\u0131\u015f\" \/>\n\t\t\t\t\t\t\t<\/a>\n\t\t\t\t\t<\/div>\n\t\t<div class=\"entry gallery-grid-item smoove slide-up\" data-delay=\"600\" data-minwidth=\"769\" data-move-y=\"60px\">\n\t\t\t\t\t\t\t<a class=\"grandrestaurant_gallery_lightbox\" href=\"https:\/\/ramooevents.com\/wp-content\/uploads\/2024\/01\/ramooevents-gallery-20-scaled.jpg\" data-thumb=\"https:\/\/ramooevents.com\/wp-content\/uploads\/2024\/01\/ramooevents-gallery-20-150x150.jpg\" data-rel=\"tg_gallery0ab13d3\"  >\n\t\t\t\t\t\t\t<img decoding=\"async\" src=\"https:\/\/ramooevents.com\/wp-content\/uploads\/2024\/01\/ramooevents-gallery-20-768x1024.jpg\" class=\"\" alt=\"catering, a\u00e7\u0131l\u0131\u015f. d\u00fc\u011f\u00fcn baby shower mezeleri\" \/>\n\t\t\t\t\t\t\t<\/a>\n\t\t\t\t\t<\/div>\n\t\t<div class=\"entry gallery-grid-item smoove slide-up\" data-delay=\"750\" data-minwidth=\"769\" data-move-y=\"60px\">\n\t\t\t\t\t\t\t<a class=\"grandrestaurant_gallery_lightbox\" href=\"https:\/\/ramooevents.com\/wp-content\/uploads\/2024\/01\/ramooevents-gallery-19-scaled.jpg\" data-thumb=\"https:\/\/ramooevents.com\/wp-content\/uploads\/2024\/01\/ramooevents-gallery-19-150x150.jpg\" data-rel=\"tg_gallery0ab13d3\"  >\n\t\t\t\t\t\t\t<img decoding=\"async\" src=\"https:\/\/ramooevents.com\/wp-content\/uploads\/2024\/01\/ramooevents-gallery-19-768x1365.jpg\" class=\"\" alt=\"\" \/>\n\t\t\t\t\t\t\t<\/a>\n\t\t\t\t\t<\/div>\n\t\t<div class=\"entry gallery-grid-item smoove slide-up\" data-delay=\"150\" data-minwidth=\"769\" data-move-y=\"60px\">\n\t\t\t\t\t\t\t<a class=\"grandrestaurant_gallery_lightbox\" href=\"https:\/\/ramooevents.com\/wp-content\/uploads\/2024\/01\/ramooevents-gallery-18-scaled.jpg\" data-thumb=\"https:\/\/ramooevents.com\/wp-content\/uploads\/2024\/01\/ramooevents-gallery-18-150x150.jpg\" data-rel=\"tg_gallery0ab13d3\"  >\n\t\t\t\t\t\t\t<img decoding=\"async\" src=\"https:\/\/ramooevents.com\/wp-content\/uploads\/2024\/01\/ramooevents-gallery-18-768x1365.jpg\" class=\"\" alt=\"\" \/>\n\t\t\t\t\t\t\t<\/a>\n\t\t\t\t\t<\/div>\n\t\t<div class=\"entry gallery-grid-item smoove slide-up\" data-delay=\"300\" data-minwidth=\"769\" data-move-y=\"60px\">\n\t\t\t\t\t\t\t<a class=\"grandrestaurant_gallery_lightbox\" href=\"https:\/\/ramooevents.com\/wp-content\/uploads\/2024\/01\/ramooevents-gallery-17-scaled.jpg\" data-thumb=\"https:\/\/ramooevents.com\/wp-content\/uploads\/2024\/01\/ramooevents-gallery-17-150x150.jpg\" data-rel=\"tg_gallery0ab13d3\"  >\n\t\t\t\t\t\t\t<img decoding=\"async\" src=\"https:\/\/ramooevents.com\/wp-content\/uploads\/2024\/01\/ramooevents-gallery-17-768x1024.jpg\" class=\"\" alt=\"\" \/>\n\t\t\t\t\t\t\t<\/a>\n\t\t\t\t\t<\/div>\n\t\t<div class=\"entry gallery-grid-item smoove slide-up\" data-delay=\"450\" data-minwidth=\"769\" data-move-y=\"60px\">\n\t\t\t\t\t\t\t<a class=\"grandrestaurant_gallery_lightbox\" href=\"https:\/\/ramooevents.com\/wp-content\/uploads\/2024\/01\/ramooevents-gallery-16-scaled.jpg\" data-thumb=\"https:\/\/ramooevents.com\/wp-content\/uploads\/2024\/01\/ramooevents-gallery-16-150x150.jpg\" data-rel=\"tg_gallery0ab13d3\"  >\n\t\t\t\t\t\t\t<img decoding=\"async\" src=\"https:\/\/ramooevents.com\/wp-content\/uploads\/2024\/01\/ramooevents-gallery-16-768x1024.jpg\" class=\"\" alt=\"\" \/>\n\t\t\t\t\t\t\t<\/a>\n\t\t\t\t\t<\/div>\n\t\t<div class=\"entry gallery-grid-item smoove slide-up\" data-delay=\"600\" data-minwidth=\"769\" data-move-y=\"60px\">\n\t\t\t\t\t\t\t<a class=\"grandrestaurant_gallery_lightbox\" href=\"https:\/\/ramooevents.com\/wp-content\/uploads\/2024\/01\/ramooevents-gallery-15-scaled.jpg\" data-thumb=\"https:\/\/ramooevents.com\/wp-content\/uploads\/2024\/01\/ramooevents-gallery-15-150x150.jpg\" data-rel=\"tg_gallery0ab13d3\"  >\n\t\t\t\t\t\t\t<img decoding=\"async\" src=\"https:\/\/ramooevents.com\/wp-content\/uploads\/2024\/01\/ramooevents-gallery-15-768x1024.jpg\" class=\"\" alt=\"\" \/>\n\t\t\t\t\t\t\t<\/a>\n\t\t\t\t\t<\/div>\n\t\t<div class=\"entry gallery-grid-item smoove slide-up\" data-delay=\"750\" data-minwidth=\"769\" data-move-y=\"60px\">\n\t\t\t\t\t\t\t<a class=\"grandrestaurant_gallery_lightbox\" href=\"https:\/\/ramooevents.com\/wp-content\/uploads\/2024\/01\/ramooevents-gallery-13.jpg\" data-thumb=\"https:\/\/ramooevents.com\/wp-content\/uploads\/2024\/01\/ramooevents-gallery-13-150x150.jpg\" data-rel=\"tg_gallery0ab13d3\"  >\n\t\t\t\t\t\t\t<img decoding=\"async\" src=\"https:\/\/ramooevents.com\/wp-content\/uploads\/2024\/01\/ramooevents-gallery-13.jpg\" class=\"\" alt=\"\" \/>\n\t\t\t\t\t\t\t<\/a>\n\t\t\t\t\t<\/div>\n\t\t<div class=\"entry gallery-grid-item smoove slide-up\" data-delay=\"150\" data-minwidth=\"769\" data-move-y=\"60px\">\n\t\t\t\t\t\t\t<a class=\"grandrestaurant_gallery_lightbox\" href=\"https:\/\/ramooevents.com\/wp-content\/uploads\/2024\/01\/ramooevents-gallery-12.jpg\" data-thumb=\"https:\/\/ramooevents.com\/wp-content\/uploads\/2024\/01\/ramooevents-gallery-12-150x150.jpg\" data-rel=\"tg_gallery0ab13d3\"  >\n\t\t\t\t\t\t\t<img decoding=\"async\" src=\"https:\/\/ramooevents.com\/wp-content\/uploads\/2024\/01\/ramooevents-gallery-12.jpg\" class=\"\" alt=\"\" \/>\n\t\t\t\t\t\t\t<\/a>\n\t\t\t\t\t<\/div>\n\t\t<div class=\"entry gallery-grid-item smoove slide-up\" data-delay=\"300\" data-minwidth=\"769\" data-move-y=\"60px\">\n\t\t\t\t\t\t\t<a class=\"grandrestaurant_gallery_lightbox\" href=\"https:\/\/ramooevents.com\/wp-content\/uploads\/2024\/01\/ramooevents-gallery-11-scaled.jpg\" data-thumb=\"https:\/\/ramooevents.com\/wp-content\/uploads\/2024\/01\/ramooevents-gallery-11-150x150.jpg\" data-rel=\"tg_gallery0ab13d3\"  >\n\t\t\t\t\t\t\t<img decoding=\"async\" src=\"https:\/\/ramooevents.com\/wp-content\/uploads\/2024\/01\/ramooevents-gallery-11-768x1024.jpg\" class=\"\" alt=\"ramooevents, Peynir ve meze tepsilerimiz \u00f6zel g\u00fcnlerinize tad verecek\" \/>\n\t\t\t\t\t\t\t<\/a>\n\t\t\t\t\t<\/div>\n\t\t<div class=\"entry gallery-grid-item smoove slide-up\" data-delay=\"450\" data-minwidth=\"769\" data-move-y=\"60px\">\n\t\t\t\t\t\t\t<a class=\"grandrestaurant_gallery_lightbox\" href=\"https:\/\/ramooevents.com\/wp-content\/uploads\/2024\/01\/ramooevents-gallery-10-scaled.jpg\" data-thumb=\"https:\/\/ramooevents.com\/wp-content\/uploads\/2024\/01\/ramooevents-gallery-10-150x150.jpg\" data-rel=\"tg_gallery0ab13d3\"  >\n\t\t\t\t\t\t\t<img decoding=\"async\" src=\"https:\/\/ramooevents.com\/wp-content\/uploads\/2024\/01\/ramooevents-gallery-10-768x1365.jpg\" class=\"\" alt=\"\" \/>\n\t\t\t\t\t\t\t<\/a>\n\t\t\t\t\t<\/div>\n\t\t<div class=\"entry gallery-grid-item smoove slide-up\" data-delay=\"600\" data-minwidth=\"769\" data-move-y=\"60px\">\n\t\t\t\t\t\t\t<a class=\"grandrestaurant_gallery_lightbox\" href=\"https:\/\/ramooevents.com\/wp-content\/uploads\/2024\/01\/ramooevents-gallery-9-scaled.jpg\" data-thumb=\"https:\/\/ramooevents.com\/wp-content\/uploads\/2024\/01\/ramooevents-gallery-9-150x150.jpg\" data-rel=\"tg_gallery0ab13d3\"  >\n\t\t\t\t\t\t\t<img decoding=\"async\" src=\"https:\/\/ramooevents.com\/wp-content\/uploads\/2024\/01\/ramooevents-gallery-9-768x1365.jpg\" class=\"\" alt=\"\" \/>\n\t\t\t\t\t\t\t<\/a>\n\t\t\t\t\t<\/div>\n\t\t<div class=\"entry gallery-grid-item smoove slide-up\" data-delay=\"750\" data-minwidth=\"769\" data-move-y=\"60px\">\n\t\t\t\t\t\t\t<a class=\"grandrestaurant_gallery_lightbox\" href=\"https:\/\/ramooevents.com\/wp-content\/uploads\/2024\/01\/ramooevents-gallery-8-scaled.jpg\" data-thumb=\"https:\/\/ramooevents.com\/wp-content\/uploads\/2024\/01\/ramooevents-gallery-8-150x150.jpg\" data-rel=\"tg_gallery0ab13d3\"  >\n\t\t\t\t\t\t\t<img decoding=\"async\" src=\"https:\/\/ramooevents.com\/wp-content\/uploads\/2024\/01\/ramooevents-gallery-8-768x1024.jpg\" class=\"\" alt=\"ramoofingerfood antalya organizasyon\" \/>\n\t\t\t\t\t\t\t<\/a>\n\t\t\t\t\t<\/div>\n\t\t<div class=\"entry gallery-grid-item smoove slide-up\" data-delay=\"150\" data-minwidth=\"769\" data-move-y=\"60px\">\n\t\t\t\t\t\t\t<a class=\"grandrestaurant_gallery_lightbox\" href=\"https:\/\/ramooevents.com\/wp-content\/uploads\/2024\/01\/ramooevents-gallery-7-scaled.jpg\" data-thumb=\"https:\/\/ramooevents.com\/wp-content\/uploads\/2024\/01\/ramooevents-gallery-7-150x150.jpg\" data-rel=\"tg_gallery0ab13d3\"  >\n\t\t\t\t\t\t\t<img decoding=\"async\" src=\"https:\/\/ramooevents.com\/wp-content\/uploads\/2024\/01\/ramooevents-gallery-7-768x1365.jpg\" class=\"\" alt=\"ramooevents, \u00f6zel mezeler\" \/>\n\t\t\t\t\t\t\t<\/a>\n\t\t\t\t\t<\/div>\n\t\t<div class=\"entry gallery-grid-item smoove slide-up\" data-delay=\"300\" data-minwidth=\"769\" data-move-y=\"60px\">\n\t\t\t\t\t\t\t<a class=\"grandrestaurant_gallery_lightbox\" href=\"https:\/\/ramooevents.com\/wp-content\/uploads\/2024\/01\/ramooevents-gallery-6-scaled.jpg\" data-thumb=\"https:\/\/ramooevents.com\/wp-content\/uploads\/2024\/01\/ramooevents-gallery-6-150x150.jpg\" data-rel=\"tg_gallery0ab13d3\"  >\n\t\t\t\t\t\t\t<img decoding=\"async\" src=\"https:\/\/ramooevents.com\/wp-content\/uploads\/2024\/01\/ramooevents-gallery-6-768x432.jpg\" class=\"\" alt=\"\" \/>\n\t\t\t\t\t\t\t<\/a>\n\t\t\t\t\t<\/div>\n\t\t<div class=\"entry gallery-grid-item smoove slide-up\" data-delay=\"450\" data-minwidth=\"769\" data-move-y=\"60px\">\n\t\t\t\t\t\t\t<a class=\"grandrestaurant_gallery_lightbox\" href=\"https:\/\/ramooevents.com\/wp-content\/uploads\/2024\/01\/ramooevents-gallery-5-scaled.jpg\" data-thumb=\"https:\/\/ramooevents.com\/wp-content\/uploads\/2024\/01\/ramooevents-gallery-5-150x150.jpg\" data-rel=\"tg_gallery0ab13d3\"  >\n\t\t\t\t\t\t\t<img decoding=\"async\" src=\"https:\/\/ramooevents.com\/wp-content\/uploads\/2024\/01\/ramooevents-gallery-5-768x1365.jpg\" class=\"\" alt=\"ramooevents, antalya ikramlik\" \/>\n\t\t\t\t\t\t\t<\/a>\n\t\t\t\t\t<\/div>\n\t\t<div class=\"entry gallery-grid-item smoove slide-up\" data-delay=\"600\" data-minwidth=\"769\" data-move-y=\"60px\">\n\t\t\t\t\t\t\t<a class=\"grandrestaurant_gallery_lightbox\" href=\"https:\/\/ramooevents.com\/wp-content\/uploads\/2024\/01\/ramooevents-gallery-3-scaled.jpg\" data-thumb=\"https:\/\/ramooevents.com\/wp-content\/uploads\/2024\/01\/ramooevents-gallery-3-150x150.jpg\" data-rel=\"tg_gallery0ab13d3\"  >\n\t\t\t\t\t\t\t<img decoding=\"async\" src=\"https:\/\/ramooevents.com\/wp-content\/uploads\/2024\/01\/ramooevents-gallery-3-768x1365.jpg\" class=\"\" alt=\"ramoo events catering ve event planner\" \/>\n\t\t\t\t\t\t\t<\/a>\n\t\t\t\t\t<\/div>\n\t\t<div class=\"entry gallery-grid-item smoove slide-up\" data-delay=\"750\" data-minwidth=\"769\" data-move-y=\"60px\">\n\t\t\t\t\t\t\t<a class=\"grandrestaurant_gallery_lightbox\" href=\"https:\/\/ramooevents.com\/wp-content\/uploads\/2024\/01\/ramooevents-gallery-4-scaled.jpg\" data-thumb=\"https:\/\/ramooevents.com\/wp-content\/uploads\/2024\/01\/ramooevents-gallery-4-150x150.jpg\" data-rel=\"tg_gallery0ab13d3\"  >\n\t\t\t\t\t\t\t<img decoding=\"async\" src=\"https:\/\/ramooevents.com\/wp-content\/uploads\/2024\/01\/ramooevents-gallery-4-768x1365.jpg\" class=\"\" alt=\"\" \/>\n\t\t\t\t\t\t\t<\/a>\n\t\t\t\t\t<\/div>\n\t\t<div class=\"entry gallery-grid-item smoove slide-up\" data-delay=\"150\" data-minwidth=\"769\" data-move-y=\"60px\">\n\t\t\t\t\t\t\t<a class=\"grandrestaurant_gallery_lightbox\" href=\"https:\/\/ramooevents.com\/wp-content\/uploads\/2024\/01\/ramooevents-gallery-2-scaled.jpg\" data-thumb=\"https:\/\/ramooevents.com\/wp-content\/uploads\/2024\/01\/ramooevents-gallery-2-150x150.jpg\" data-rel=\"tg_gallery0ab13d3\"  >\n\t\t\t\t\t\t\t<img decoding=\"async\" src=\"https:\/\/ramooevents.com\/wp-content\/uploads\/2024\/01\/ramooevents-gallery-2-768x1365.jpg\" class=\"\" alt=\"\" \/>\n\t\t\t\t\t\t\t<\/a>\n\t\t\t\t\t<\/div>\n\t\t<div class=\"entry gallery-grid-item smoove slide-up\" data-delay=\"300\" data-minwidth=\"769\" data-move-y=\"60px\">\n\t\t\t\t\t\t\t<a class=\"grandrestaurant_gallery_lightbox\" href=\"https:\/\/ramooevents.com\/wp-content\/uploads\/2024\/01\/ramooevents-gallery-1-scaled.jpg\" data-thumb=\"https:\/\/ramooevents.com\/wp-content\/uploads\/2024\/01\/ramooevents-gallery-1-150x150.jpg\" data-rel=\"tg_gallery0ab13d3\"  >\n\t\t\t\t\t\t\t<img decoding=\"async\" src=\"https:\/\/ramooevents.com\/wp-content\/uploads\/2024\/01\/ramooevents-gallery-1-768x1365.jpg\" class=\"\" alt=\"ramoo events finger food\" \/>\n\t\t\t\t\t\t\t<\/a>\n\t\t\t\t\t<\/div>\n<br class=\"clear\"\/>\n<\/div>\n\t\t\t\t<\/div>\n\t\t\t\t<\/div>\n\t\t\t\t\t<\/div>\n\t\t<\/div>\n\t\t\t\t\t<\/div>\n\t\t<\/section>\n\t\t\t\t<\/div>\n\t\t","protected":false},"excerpt":{"rendered":"","protected":false},"author":1,"featured_media":0,"parent":0,"menu_order":0,"comment_status":"closed","ping_status":"closed","template":"","meta":{"_monsterinsights_skip_tracking":false,"_monsterinsights_sitenote_active":false,"_monsterinsights_sitenote_note":"","_monsterinsights_sitenote_category":0,"footnotes":""},"class_list":["post-4678","page","type-page","status-publish","hentry"],"aioseo_notices":[],"_links":{"self":[{"href":"https:\/\/ramooevents.com\/tr\/wp-json\/wp\/v2\/pages\/4678","targetHints":{"allow":["GET"]}}],"collection":[{"href":"https:\/\/ramooevents.com\/tr\/wp-json\/wp\/v2\/pages"}],"about":[{"href":"https:\/\/ramooevents.com\/tr\/wp-json\/wp\/v2\/types\/page"}],"author":[{"embeddable":true,"href":"https:\/\/ramooevents.com\/tr\/wp-json\/wp\/v2\/users\/1"}],"replies":[{"embeddable":true,"href":"https:\/\/ramooevents.com\/tr\/wp-json\/wp\/v2\/comments?post=4678"}],"version-history":[{"count":0,"href":"https:\/\/ramooevents.com\/tr\/wp-json\/wp\/v2\/pages\/4678\/revisions"}],"wp:attachment":[{"href":"https:\/\/ramooevents.com\/tr\/wp-json\/wp\/v2\/media?parent=4678"}],"curies":[{"name":"wp","href":"https:\/\/api.w.org\/{rel}","templated":true}]}}